{"id":862,"date":"2021-05-19T13:32:36","date_gmt":"2021-05-19T13:32:36","guid":{"rendered":"https:\/\/lions-floeha-augustusburg.de\/?page_id=862"},"modified":"2026-04-08T17:35:17","modified_gmt":"2026-04-08T15:35:17","slug":"charity-home-2","status":"publish","type":"page","link":"https:\/\/lions-floeha-augustusburg.de\/","title":{"rendered":"Lionsclub Fl\u00f6ha\/Augustusburg"},"content":{"rendered":"<p><div class=\"fusion-fullwidth fullwidth-box fusion-builder-row-1 fusion-flex-container fusion-parallax-fixed nonhundred-percent-fullwidth non-hundred-percent-height-scrolling lazyload\" style=\"--awb-border-radius-top-left:0px;--awb-border-radius-top-right:0px;--awb-border-radius-bottom-right:0px;--awb-border-radius-bottom-left:0px;--awb-padding-top:8vw;--awb-padding-bottom:8vw;--awb-padding-top-small:30px;--awb-padding-bottom-small:30px;--awb-margin-top:120px;--awb-min-height:60vh;--awb-background-size:cover;background-attachment:fixed;\" data-bg=\"https:\/\/lions-floeha-augustusburg.de\/wp-content\/uploads\/2014\/11\/Fotolia_70868458_L.jpg\" ><div class=\"fusion-builder-row fusion-row fusion-flex-align-items-center fusion-flex-justify-content-center\" style=\"max-width:1216.8px;margin-left: calc(-4% \/ 2 );margin-right: calc(-4% \/ 2 );\"><div class=\"fusion-layout-column fusion_builder_column fusion-builder-column-0 fusion_builder_column_1_1 1_1 fusion-flex-column fusion-animated\" style=\"--awb-bg-size:cover;--awb-width-large:100%;--awb-margin-top-large:0px;--awb-spacing-right-large:1.92%;--awb-margin-bottom-large:20px;--awb-spacing-left-large:1.92%;--awb-width-medium:100%;--awb-order-medium:0;--awb-spacing-right-medium:1.92%;--awb-spacing-left-medium:1.92%;--awb-width-small:100%;--awb-order-small:0;--awb-spacing-right-small:1.92%;--awb-spacing-left-small:1.92%;\" data-animationType=\"fadeInUp\" data-animationDuration=\"0.8\" data-animationOffset=\"top-into-view\"><div class=\"fusion-column-wrapper fusion-column-has-shadow fusion-flex-justify-content-flex-start fusion-content-layout-column\"><div class=\"fusion-title title fusion-title-1 fusion-no-small-visibility fusion-no-medium-visibility fusion-sep-none fusion-title-center fusion-title-text fusion-title-size-one\" style=\"--awb-text-color:var(--awb-color1);--awb-margin-bottom:20px;--awb-font-size:70px;\"><h1 class=\"title-heading-center\" style=\"margin:0;font-size:1em;text-transform:uppercase;line-height:1.1em;\">Lionsclub Fl\u00f6ha\/Augustusburg<\/h1><\/div><div class=\"fusion-title title fusion-title-2 fusion-no-large-visibility fusion-sep-none fusion-title-center fusion-title-text fusion-title-size-one\" style=\"--awb-text-color:var(--awb-color1);--awb-margin-bottom:20px;--awb-font-size:40px;\"><h1 class=\"title-heading-center\" style=\"margin:0;font-size:1em;text-transform:uppercase;line-height:1.1em;\">Lionsclub Fl\u00f6ha\/Augustusburg<\/h1><\/div><div class=\"fusion-text fusion-text-1 fusion-text-no-margin\" style=\"--awb-content-alignment:center;--awb-font-size:var(--awb-typography2-font-size);--awb-line-height:var(--awb-typography2-line-height);--awb-letter-spacing:var(--awb-typography2-letter-spacing);--awb-text-transform:var(--awb-typography2-text-transform);--awb-text-color:var(--awb-color2);--awb-margin-bottom:40px;--awb-text-font-family:var(--awb-typography2-font-family);--awb-text-font-weight:var(--awb-typography2-font-weight);--awb-text-font-style:var(--awb-typography2-font-style);\"><p>We Serve: f\u00fcr Augustusburg, Fl\u00f6ha und Umgebung<\/p>\n<\/div><div class=\"fusion-builder-row fusion-builder-row-inner fusion-row fusion-flex-align-items-center fusion-flex-justify-content-center\" style=\"width:104% !important;max-width:104% !important;margin-left: calc(-4% \/ 2 );margin-right: calc(-4% \/ 2 );\"><div class=\"fusion-layout-column fusion_builder_column_inner fusion-builder-nested-column-0 fusion_builder_column_inner_1_1 1_1 fusion-flex-column\" style=\"--awb-bg-size:cover;--awb-width-large:100%;--awb-margin-top-large:0px;--awb-spacing-right-large:1.92%;--awb-margin-bottom-large:0px;--awb-spacing-left-large:1.92%;--awb-width-medium:100%;--awb-order-medium:0;--awb-spacing-right-medium:1.92%;--awb-spacing-left-medium:1.92%;--awb-width-small:100%;--awb-order-small:0;--awb-spacing-right-small:1.92%;--awb-spacing-left-small:1.92%;\"><div class=\"fusion-column-wrapper fusion-column-has-shadow fusion-flex-justify-content-center fusion-content-layout-row\"><div ><a class=\"fusion-button button-flat button-large button-custom fusion-button-default button-1 fusion-button-default-span fusion-button-default-type\" style=\"--button_accent_color:var(--awb-color1);--button_accent_hover_color:var(--awb-color4);--button_border_hover_color:var(--awb-color4);--button_border_width-top:2px;--button_border_width-right:2px;--button_border_width-bottom:2px;--button_border_width-left:2px;--button_gradient_top_color:rgba(254,201,107,0);--button_gradient_bottom_color:rgba(254,201,107,0);--button_gradient_top_color_hover:rgba(0,0,0,0);--button_gradient_bottom_color_hover:rgba(0,0,0,0);--button_margin-right:10px;\" target=\"_self\" href=\"#about\"><span class=\"fusion-button-text\">\u00dcber Uns<\/span><\/a><\/div><div ><a class=\"fusion-button button-flat button-large button-custom fusion-button-default button-2 fusion-button-default-span fusion-button-default-type fusion-has-button-gradient\" style=\"--button_accent_color:var(--awb-color4);--button_border_color:var(--awb-color4);--button_accent_hover_color:var(--awb-color1);--button_border_hover_color:var(--awb-color1);--button_border_width-top:2px;--button_border_width-right:2px;--button_border_width-bottom:2px;--button_border_width-left:2px;--button_gradient_top_color:rgba(0,0,0,0);--button_gradient_bottom_color:rgba(236,72,88,0);--button_gradient_top_color_hover:var(--awb-color8);--button_gradient_bottom_color_hover:var(--awb-color8);--button_margin-left:10px;\" target=\"_self\" href=\"#activities\"><span class=\"fusion-button-text\">Veranstaltungen<\/span><\/a><\/div><\/div><\/div><\/div><\/div><\/div><\/div><\/div><div class=\"fusion-fullwidth fullwidth-box fusion-builder-row-2 fusion-flex-container hundred-percent-fullwidth non-hundred-percent-height-scrolling\" style=\"--awb-background-position:left top;--awb-border-sizes-top:0px;--awb-border-sizes-bottom:0px;--awb-border-sizes-left:0px;--awb-border-sizes-right:0px;--awb-border-radius-top-left:0px;--awb-border-radius-top-right:0px;--awb-border-radius-bottom-right:0px;--awb-border-radius-bottom-left:0px;--awb-padding-top:0px;--awb-padding-right:0px;--awb-padding-bottom:0px;--awb-padding-left:0px;\" ><div class=\"fusion-builder-row fusion-row fusion-flex-align-items-stretch\" style=\"width:calc( 100% + 0px ) !important;max-width:calc( 100% + 0px ) !important;margin-left: calc(-0px \/ 2 );margin-right: calc(-0px \/ 2 );\"><div class=\"fusion-layout-column fusion_builder_column fusion-builder-column-1 fusion_builder_column_2_3 2_3 fusion-flex-column\" style=\"--awb-padding-top:100px;--awb-padding-right:10%;--awb-padding-bottom:100px;--awb-padding-left:10%;--awb-bg-blend:overlay;--awb-bg-size:cover;--awb-width-large:66.666666666667%;--awb-margin-top-large:0px;--awb-spacing-right-large:0px;--awb-margin-bottom-large:0px;--awb-spacing-left-large:0px;--awb-width-medium:100%;--awb-spacing-right-medium:0px;--awb-spacing-left-medium:0px;--awb-width-small:100%;--awb-spacing-right-small:0px;--awb-spacing-left-small:0px;\"><div class=\"fusion-column-wrapper fusion-flex-justify-content-center fusion-content-layout-column\"><div class=\"fusion-title title fusion-title-3 fusion-sep-none fusion-title-text fusion-title-size-two\" id=\"about\"><h2 class=\"title-heading-left\" style=\"margin:0;text-transform:uppercase;line-height:1;\">Was uns Bewegt<\/h2><\/div><div class=\"fusion-separator\" style=\"align-self: flex-start;margin-right:auto;margin-top:0px;margin-bottom:40px;width:100%;max-width:200px;\"><div class=\"fusion-separator-border sep-single sep-solid\" style=\"--awb-height:20px;--awb-amount:20px;--awb-sep-color:var(--awb-color4);border-color:var(--awb-color4);border-top-width:3px;\"><\/div><\/div><div class=\"fusion-text fusion-text-2\"><p>Der Lionsclub feiert in diesem Jahr sein dreiunddrei\u00dfigj\u00e4hriges Bestehen. Seit dieser Zeit haben die Mitglieder unseres Clubs gem\u00e4\u00df Ihres Auftrages &#8220; Wir dienen &#8211; wir helfen&#8220; in viele soziale Projekte finanziert.<\/p>\n<p>Wir konnten pers\u00f6nliche Schicksale lindern helfen, Vereinen, Clubs, Schulen Pflegeheimen, Kirchen gezielt Unterst\u00fctzung zukommen lassen, indem wir auf jeweiligem Antrag finanzielle Mittel ausgereicht haben. Auch nach der verheerenden Flut 2002 sind wir in unserer Region unterwegs gewesen, um Leid zu lindern. zu unterst\u00fctzen. Gleiches haben wir auch nach der Katastrophe im Ahrtal getan.<\/p>\n<p>Gesamt sind es in etwa 350 000 \u20ac gewesen, welche wir helfend eingesetzt haben!<\/p>\n<p>Und woher kommt dieses Geld?<\/p>\n<p>Der Lionsclub erh\u00e4lt keinerlei finanzielle Unterst\u00fctzung. Vielmehr generieren wir unsere Einnahmen, indem wir Veranstaltungen organisieren und durchf\u00fchren, Verkaufsst\u00e4nde betreiben, bei Aufr\u00e4umarbeiten helfen.<\/p>\n<p>Im Club arbeiten 28 Lionsfreunde zusammen. Seit drei Jahren sind erfreulicherweise auch Frauen Mitglied in unserem Club.<\/p>\n<p>Neben unserer T\u00e4tigkeit f\u00fcr Hilfsprojekte hat unser Club auch ein sehr vielseitiges Eigenleben. So feiern wir gemeinsam, f\u00fchren Jahresausfahrten durch, holen uns Referenten zu interessanten Vortr\u00e4gen.<\/p>\n<p>Unser Club ist dabei Teil der weltweit t\u00e4tigen Lions, welche eine der gr\u00f6\u00dften Organisationen auf dem Erdball ist.<\/p>\n<p>Im \u00dcbrigen kann man, wenn man Interesse an unserer Arbeit hat, sich zu einer &#8222;Schnupperteilnahme&#8220; an Clubabenden anmelden. Wir freuen uns!<\/p>\n<\/div><div class=\"fusion-text fusion-text-3\"><\/div><div class=\"fusion-separator fusion-full-width-sep\" style=\"align-self: center;margin-left: auto;margin-right: auto;margin-top:15px;width:100%;\"><\/div><\/div><\/div><div class=\"fusion-layout-column fusion_builder_column fusion-builder-column-2 fusion_builder_column_1_3 1_3 fusion-flex-column\" style=\"--awb-padding-top:100px;--awb-padding-right:0px;--awb-padding-bottom:100px;--awb-padding-left:0px;--awb-bg-position:center center;--awb-bg-blend:overlay;--awb-bg-size:cover;--awb-width-large:33.333333333333%;--awb-margin-top-large:0px;--awb-spacing-right-large:0px;--awb-margin-bottom-large:0px;--awb-spacing-left-large:0px;--awb-width-medium:100%;--awb-spacing-right-medium:0px;--awb-spacing-left-medium:0px;--awb-width-small:100%;--awb-spacing-right-small:0px;--awb-spacing-left-small:0px;\"><div class=\"fusion-column-wrapper lazyload fusion-flex-justify-content-center fusion-content-layout-column\" data-bg-url=\"https:\/\/lions-floeha-augustusburg.de\/wp-content\/uploads\/2016\/08\/home-content-bg-1.jpg\" data-bg=\"https:\/\/lions-floeha-augustusburg.de\/wp-content\/uploads\/2016\/08\/home-content-bg-1.jpg\"><div class=\"fusion-counters-box counters-box row fusion-clearfix fusion-columns-1\" style=\"--awb-body-size:30;--awb-border-color:rgba(224,222,222,0);--awb-title-size:50;--awb-border-color:rgba(224,222,222,0);\"><div class=\"fusion-counter-box fusion-column col-counter-box counter-box-wrapper col-lg-12 col-md-12 col-sm-12\" data-animationOffset=\"top-into-view\"><div class=\"counter-box-container\"><div class=\"content-box-percentage content-box-counter\"><i class=\"counter-box-icon fontawesome-icon charity-heart-o\" aria-hidden=\"true\"><\/i><span class=\"display-counter\" data-value=\"28\" data-direction=\"up\" data-decimals=\"0\">0<\/span><\/div><div class=\"counter-box-content\">Mitglieder<\/div><\/div><\/div><div class=\"fusion-counter-box fusion-column col-counter-box counter-box-wrapper col-lg-12 col-md-12 col-sm-12\" data-animationOffset=\"top-into-view\"><div class=\"counter-box-container\"><div class=\"content-box-percentage content-box-counter\"><i class=\"counter-box-icon fontawesome-icon fa-plus-circle fas\" aria-hidden=\"true\"><\/i><span class=\"display-counter\" data-value=\"217\" data-direction=\"up\" data-decimals=\"0\">0<\/span><\/div><div class=\"counter-box-content\">Durchgef\u00fchrte Activities<\/div><\/div><\/div><div class=\"fusion-counter-box fusion-column col-counter-box counter-box-wrapper col-lg-12 col-md-12 col-sm-12\" data-animationOffset=\"top-into-view\"><div class=\"counter-box-container\"><div class=\"content-box-percentage content-box-counter\"><i class=\"counter-box-icon fontawesome-icon fa-euro-sign fas\" aria-hidden=\"true\"><\/i><span class=\"display-counter\" data-value=\"2100000\" data-delimiter=\".\" data-direction=\"up\" data-decimals=\"0\">0<\/span><\/div><div class=\"counter-box-content\">Gespendet<\/div><\/div><\/div><\/div><\/div><\/div><\/div><\/div><div class=\"fusion-fullwidth fullwidth-box fusion-builder-row-3 fusion-flex-container has-pattern-background has-mask-background hundred-percent-fullwidth non-hundred-percent-height-scrolling\" style=\"--awb-background-position:left top;--awb-border-sizes-top:0px;--awb-border-sizes-bottom:0px;--awb-border-sizes-left:0px;--awb-border-sizes-right:0px;--awb-border-radius-top-left:0px;--awb-border-radius-top-right:0px;--awb-border-radius-bottom-right:0px;--awb-border-radius-bottom-left:0px;--awb-padding-top:100px;--awb-padding-right:10%;--awb-padding-bottom:30px;--awb-padding-left:10%;\" ><div class=\"fusion-builder-row fusion-row fusion-flex-align-items-flex-start\" style=\"width:104% !important;max-width:104% !important;margin-left: calc(-4% \/ 2 );margin-right: calc(-4% \/ 2 );\"><div class=\"fusion-layout-column fusion_builder_column fusion-builder-column-3 fusion_builder_column_1_6 1_6 fusion-flex-column fusion-no-small-visibility\" style=\"--awb-bg-blend:overlay;--awb-bg-size:cover;--awb-width-large:16.666666666667%;--awb-margin-top-large:0px;--awb-spacing-right-large:11.52%;--awb-margin-bottom-large:20px;--awb-spacing-left-large:11.52%;--awb-width-medium:100%;--awb-spacing-right-medium:1.92%;--awb-spacing-left-medium:1.92%;--awb-width-small:100%;--awb-spacing-right-small:1.92%;--awb-spacing-left-small:1.92%;\"><div class=\"fusion-column-wrapper fusion-flex-justify-content-flex-start fusion-content-layout-column\"><div class=\"fusion-separator fusion-full-width-sep\" style=\"align-self: center;margin-left: auto;margin-right: auto;margin-top:1px;width:100%;\"><\/div><\/div><\/div><div class=\"fusion-layout-column fusion_builder_column fusion-builder-column-4 fusion_builder_column_2_3 2_3 fusion-flex-column\" style=\"--awb-bg-blend:overlay;--awb-bg-size:cover;--awb-width-large:66.666666666667%;--awb-margin-top-large:0px;--awb-spacing-right-large:2.88%;--awb-margin-bottom-large:20px;--awb-spacing-left-large:2.88%;--awb-width-medium:100%;--awb-spacing-right-medium:1.92%;--awb-spacing-left-medium:1.92%;--awb-width-small:100%;--awb-spacing-right-small:1.92%;--awb-spacing-left-small:1.92%;\" id=\"activities\"><div class=\"fusion-column-wrapper fusion-flex-justify-content-center fusion-content-layout-column\"><div class=\"fusion-title title fusion-title-4 fusion-sep-none fusion-title-center fusion-title-text fusion-title-size-three\"><h3 class=\"title-heading-center\" style=\"margin:0;text-transform:uppercase;line-height:1;\">Aktuelle Activities und Veranstaltungen<\/h3><\/div><div class=\"fusion-separator\" style=\"align-self: center;margin-left: auto;margin-right: auto;margin-top:0px;margin-bottom:40px;width:100%;max-width:200px;\"><div class=\"fusion-separator-border sep-single sep-solid\" style=\"--awb-height:20px;--awb-amount:20px;--awb-sep-color:var(--awb-color4);border-color:var(--awb-color4);border-top-width:3px;\"><\/div><\/div><div class=\"fusion-text fusion-text-4\" style=\"--awb-content-alignment:center;--awb-font-size:var(--awb-typography2-font-size);--awb-line-height:var(--awb-typography2-line-height);--awb-letter-spacing:var(--awb-typography2-letter-spacing);--awb-text-transform:var(--awb-typography2-text-transform);--awb-text-font-family:var(--awb-typography2-font-family);--awb-text-font-weight:var(--awb-typography2-font-weight);--awb-text-font-style:var(--awb-typography2-font-style);\"><p><strong>Musikalischer Fr\u00fchschoppen mit den Breitenauer Musikanten<\/strong><\/p>\n<p>Der <strong>Lionsclub Fl\u00f6ha\/Augustusburg<\/strong> l\u00e4dt ganz herzlich f\u00fcr<br \/>\nSonntag, den 05.07.2026 ab 10:00 Uhr<br \/>\nalle Freunde von Stimmung, guter Laune und Gem\u00fctlichkeit zum beliebten <strong>Fr\u00fchschoppen<\/strong> ein.<\/p>\n<p><strong>Die <\/strong><strong>Breitenauer Musikanten<br \/>\n<\/strong>beginnen dann ab 10,30 Uhr bis 13,30 Uhr mit Stimmungsmusik, mit g\u00e4ngigen Schlagern undbekannten Volksmusiktiteln die G\u00e4ste zu unterhalten.<br \/>\nDie Lionsfreunde bereiten dazu f\u00fcr die G\u00e4ste ein umfangreiches Angebot vor, welches die M\u00f6glichkeit einr\u00e4umt sowohl zu fr\u00fchst\u00fccken,<br \/>\njedoch auch sich ein wohlschmeckendes &#8222;Schmankerl&#8220; zum Mittag zu genehmigen.<br \/>\nVon leckeren B\u00e4ckereien, gefertigt von den Damen unseres Vereins, sowie unseren Frauen \u00fcber\u00a0Bock,-und Bratwurst bis zum Steak besteht das Angebot.<br \/>\nPassende Getr\u00e4nke sind selbstverst\u00e4ndlich in ausreichenden Mengen vorhanden.<\/p>\n<p>Also, g\u00f6nnen Sie sich vier Stunden Frohsinn und gute Laune.<\/p>\n<p>Auch in diesem Jahr wird der Eintritt frei sein!<\/p>\n<p>Die Lionsfreunde freuen sich auf hoffentlich viele Besucher.<\/p>\n<hr \/>\n<\/div><div class=\"fusion-separator fusion-full-width-sep\" style=\"align-self: center;margin-left: auto;margin-right: auto;margin-top:20px;width:100%;\"><\/div><div class=\"fusion-text fusion-text-5\" style=\"--awb-font-size:22px;--awb-line-height:1.72;--awb-letter-spacing:0.02px;--awb-text-font-family:&quot;Raleway&quot;;--awb-text-font-style:normal;--awb-text-font-weight:400;\"><p style=\"text-align: center;\"><strong>Unser Weihnachtskonzert &#8211; ein unvergessliches Erlebnis<\/strong><br \/>\n<strong>Adventszauber mit der 360 Grad Klangwelt Augustusburg<\/strong><\/p>\n<p style=\"text-align: center;\">Nach der gro\u00dfen Orgelweihe d\u00fcrfen sich die G\u00e4ste aus Nah und Fern auf<br \/>\ndas erste Adventskonzert mit dem neuen Instrument freuen.<br \/>\nDer Lionsclub Fl\u00f6ha\/Augustusburg l\u00e4dt dazu am 1. Adventssonntag in<br \/>\ndas stimmungsvolle Ambiente der Stadtkirche St. Petri Augustusburg ein.<br \/>\nMit Improvisationen \u00fcber Advents,-und Weihnachtslieder wird Organist Pascal Kaufmann die farbenreichen M\u00f6glichkeiten der \u00fcber 4000\u00a0Pfeifen und Klangelemente pr\u00e4sentieren. Im Dialog hierzu treten die beiden herausragenden Solisten Johann P\u00e4tzold ( Viola) und Johannes K\u00fcrschner (Violine), die mit erlesenen kurzen Werken einen Kontrapunkt zur Klanggewalt der &#8220; K\u00f6nigin der Instrumente&#8220; setzen werden.<br \/>\nFreuen Sie sich auf musikalische Weihnachten in Augustusburg<\/p>\n<p style=\"text-align: center;\"><strong>Termin: Sonntag, 29. November 2026, Beginn 17 Uhr<\/strong><\/p>\n<p style=\"text-align: center;\">Karten zum Preis von 20 Euro sind bereits ab 1. September 2026 an folgenden Stellen zu erhalten:<br \/>\n&#8211; Touristinformation Augustusburg, Schlossstra\u00dfe<br \/>\n&#8211; Reisewelt Fl\u00f6ha, Augustusburger Stra\u00dfe 40<br \/>\n&#8211; Internet <strong>www.lions-floeha-augustusburg.de<\/strong><br \/>\noder per Mail unter<br \/>\n<strong>karten@lions-floeha-augustusburg.de<\/strong><\/p>\n<p style=\"text-align: center;\">Bei Internet- oder Mailbestellung senden wir Ihnen die Karten per Post mir Rechnung zu.<\/p>\n<\/div><\/div><\/div><div class=\"fusion-layout-column fusion_builder_column fusion-builder-column-5 fusion_builder_column_1_6 1_6 fusion-flex-column fusion-no-small-visibility\" style=\"--awb-bg-blend:overlay;--awb-bg-size:cover;--awb-width-large:16.666666666667%;--awb-margin-top-large:0px;--awb-spacing-right-large:11.52%;--awb-margin-bottom-large:20px;--awb-spacing-left-large:11.52%;--awb-width-medium:100%;--awb-spacing-right-medium:1.92%;--awb-spacing-left-medium:1.92%;--awb-width-small:100%;--awb-spacing-right-small:1.92%;--awb-spacing-left-small:1.92%;\"><div class=\"fusion-column-wrapper fusion-flex-justify-content-flex-start fusion-content-layout-column\"><div class=\"fusion-separator fusion-full-width-sep\" style=\"align-self: center;margin-left: auto;margin-right: auto;margin-top:1px;width:100%;\"><\/div><\/div><\/div><\/div><\/div><div class=\"fusion-fullwidth fullwidth-box fusion-builder-row-4 fusion-flex-container has-pattern-background has-mask-background nonhundred-percent-fullwidth non-hundred-percent-height-scrolling\" style=\"--awb-border-radius-top-left:0px;--awb-border-radius-top-right:0px;--awb-border-radius-bottom-right:0px;--awb-border-radius-bottom-left:0px;\" ><div class=\"fusion-builder-row fusion-row fusion-flex-align-items-flex-start\" style=\"max-width:1216.8px;margin-left: calc(-4% \/ 2 );margin-right: calc(-4% \/ 2 );\"><div class=\"fusion-layout-column fusion_builder_column fusion-builder-column-6 fusion_builder_column_1_1 1_1 fusion-flex-column\" style=\"--awb-bg-size:cover;--awb-width-large:100%;--awb-margin-top-large:0px;--awb-spacing-right-large:1.92%;--awb-margin-bottom-large:20px;--awb-spacing-left-large:1.92%;--awb-width-medium:100%;--awb-order-medium:0;--awb-spacing-right-medium:1.92%;--awb-spacing-left-medium:1.92%;--awb-width-small:100%;--awb-order-small:0;--awb-spacing-right-small:1.92%;--awb-spacing-left-small:1.92%;\"><div class=\"fusion-column-wrapper fusion-column-has-shadow fusion-flex-justify-content-flex-start fusion-content-layout-column\"><div class=\"fusion-events-shortcode fusion-events-shortcode-1\" style=\"margin-left: -20px;margin-right: -20px;\"><div class=\"fusion-events-wrapper\" data-pages=\"1\"><div class=\"fusion-events-post fusion-spacing-no fusion-one-fourth fusion-layout-column\" style=\"padding:20px\"><div class=\"fusion-column-wrapper\"><div class=\"fusion-events-thumbnail hover-type-none\"><a href=\"https:\/\/lions-floeha-augustusburg.de\/?tribe_events=musikalischer-fruehschoppen-mit-den-breitenauer-musikanten\" class=\"url\" rel=\"bookmark\" aria-label=\"Musikalischer Fr\u00fchschoppen mit den Breitenauer Musikanten\">\t\t<div class=\" fusion-placeholder-image tribe-events-event-image\" data-origheight=\"150\" data-origwidth=\"100%\" style=\"height:150px;width:100%;\"><\/div>\n\t\t<\/a><\/div><div class=\"fusion-events-content-wrapper\" style=\"padding:20px 20px 20px 20px;\"><div class=\"fusion-events-meta\"><h2><a href=\"https:\/\/lions-floeha-augustusburg.de\/?tribe_events=musikalischer-fruehschoppen-mit-den-breitenauer-musikanten\" class=\"url\" rel=\"bookmark\">Musikalischer Fr\u00fchschoppen mit den Breitenauer Musikanten<\/a><\/h2><h4><span class=\"tribe-event-date-start\">5. Juli @ 10:00<\/span> - <span class=\"tribe-event-time\">14:00<\/span><\/h4><\/div><\/div><\/div><\/div><div class=\"fusion-events-post fusion-spacing-no fusion-one-fourth fusion-layout-column\" style=\"padding:20px\"><div class=\"fusion-column-wrapper\"><div class=\"fusion-events-thumbnail hover-type-none\"><a href=\"https:\/\/lions-floeha-augustusburg.de\/?tribe_events=weihnachtskonzert-2024\" class=\"url\" rel=\"bookmark\" aria-label=\"Lions-Weihnachtskonzert 2026\">\t\t<div class=\" fusion-placeholder-image tribe-events-event-image\" data-origheight=\"150\" data-origwidth=\"100%\" style=\"height:150px;width:100%;\"><\/div>\n\t\t<\/a><\/div><div class=\"fusion-events-content-wrapper\" style=\"padding:20px 20px 20px 20px;\"><div class=\"fusion-events-meta\"><h2><a href=\"https:\/\/lions-floeha-augustusburg.de\/?tribe_events=weihnachtskonzert-2024\" class=\"url\" rel=\"bookmark\">Lions-Weihnachtskonzert 2026<\/a><\/h2><h4><span class=\"tribe-event-date-start\">29. November @ 17:00<\/span> - <span class=\"tribe-event-time\">18:00<\/span><\/h4><\/div><\/div><\/div><\/div><div class=\"fusion-clearfix\"><\/div><\/div><\/div><\/div><\/div><\/div><\/div><\/p>\n","protected":false},"excerpt":{"rendered":"","protected":false},"author":1,"featured_media":0,"parent":0,"menu_order":0,"comment_status":"closed","ping_status":"closed","template":"100-width.php","meta":{"_price":"","_stock":"","_tribe_ticket_header":"","_tribe_default_ticket_provider":"Tribe__Tickets_Plus__Commerce__WooCommerce__Main","_tribe_ticket_capacity":"0","_ticket_start_date":"","_ticket_end_date":"","_tribe_ticket_show_description":"","_tribe_ticket_show_not_going":false,"_tribe_ticket_use_global_stock":"","_tribe_ticket_global_stock_level":"","_global_stock_mode":"","_global_stock_cap":"","_tribe_rsvp_for_event":"","_tribe_ticket_going_count":"","_tribe_ticket_not_going_count":"","_tribe_tickets_list":[],"_tribe_ticket_has_attendee_info_fields":false},"ticketed":false,"_links":{"self":[{"href":"https:\/\/lions-floeha-augustusburg.de\/index.php?rest_route=\/wp\/v2\/pages\/862"}],"collection":[{"href":"https:\/\/lions-floeha-augustusburg.de\/index.php?rest_route=\/wp\/v2\/pages"}],"about":[{"href":"https:\/\/lions-floeha-augustusburg.de\/index.php?rest_route=\/wp\/v2\/types\/page"}],"author":[{"embeddable":true,"href":"https:\/\/lions-floeha-augustusburg.de\/index.php?rest_route=\/wp\/v2\/users\/1"}],"replies":[{"embeddable":true,"href":"https:\/\/lions-floeha-augustusburg.de\/index.php?rest_route=%2Fwp%2Fv2%2Fcomments&post=862"}],"version-history":[{"count":59,"href":"https:\/\/lions-floeha-augustusburg.de\/index.php?rest_route=\/wp\/v2\/pages\/862\/revisions"}],"predecessor-version":[{"id":2394,"href":"https:\/\/lions-floeha-augustusburg.de\/index.php?rest_route=\/wp\/v2\/pages\/862\/revisions\/2394"}],"wp:attachment":[{"href":"https:\/\/lions-floeha-augustusburg.de\/index.php?rest_route=%2Fwp%2Fv2%2Fmedia&parent=862"}],"curies":[{"name":"wp","href":"https:\/\/api.w.org\/{rel}","templated":true}]}}